{"id":180,"date":"2022-11-14T19:46:51","date_gmt":"2022-11-14T16:46:51","guid":{"rendered":"https:\/\/demirlercilingir.com\/?page_id=180"},"modified":"2026-01-05T20:11:45","modified_gmt":"2026-01-05T17:11:45","slug":"gebze-hizmet-bolgeleri","status":"publish","type":"page","link":"https:\/\/demirlercilingir.com\/index.php\/gebze-hizmet-bolgeleri\/","title":{"rendered":"Gebze \u00c7ilingir Servisi 7\/24"},"content":{"rendered":"\n<p>Kap\u0131dam\u0131 Kald\u0131n\u0131z Arac\u0131n\u0131z, Eviniz, \u0130\u015fyerinizin anahtarlar\u0131n\u0131 kaybettiyseniz hemen aray\u0131n 7\/24 \u00c7ilingir Hizmeti<\/p>\n\n\n\n<figure class=\"wp-block-image size-full\"><img loading=\"lazy\" decoding=\"async\" width=\"800\" height=\"300\" src=\"https:\/\/demirlercilingir.com\/wp-content\/uploads\/2022\/12\/cilingir-kurallari-24481-2.jpg\" alt=\"\" class=\"wp-image-265\" srcset=\"https:\/\/demirlercilingir.com\/wp-content\/uploads\/2022\/12\/cilingir-kurallari-24481-2.jpg 800w, https:\/\/demirlercilingir.com\/wp-content\/uploads\/2022\/12\/cilingir-kurallari-24481-2-300x113.jpg 300w, https:\/\/demirlercilingir.com\/wp-content\/uploads\/2022\/12\/cilingir-kurallari-24481-2-768x288.jpg 768w\" sizes=\"auto, (max-width: 800px) 100vw, 800px\" \/><\/figure>\n\n\n\n<p>\u00c7elik kap\u0131, Daire kap\u0131lar\u0131, Demir kap\u0131lar, otomobil kap\u0131lar\u0131, Bah\u00e7e kap\u0131lar\u0131 Zarars\u0131z a\u00e7ma<\/p>\n\n\n\n<figure class=\"wp-block-image size-full\"><img loading=\"lazy\" decoding=\"async\" width=\"900\" height=\"600\" src=\"https:\/\/demirlercilingir.com\/wp-content\/uploads\/2022\/12\/png-clipart-sls-locksmith-services-inc-key-locksmiths-cardiff-direct-key-car-cartoon-1.png\" alt=\"\" class=\"wp-image-242\" srcset=\"https:\/\/demirlercilingir.com\/wp-content\/uploads\/2022\/12\/png-clipart-sls-locksmith-services-inc-key-locksmiths-cardiff-direct-key-car-cartoon-1.png 900w, https:\/\/demirlercilingir.com\/wp-content\/uploads\/2022\/12\/png-clipart-sls-locksmith-services-inc-key-locksmiths-cardiff-direct-key-car-cartoon-1-300x200.png 300w, https:\/\/demirlercilingir.com\/wp-content\/uploads\/2022\/12\/png-clipart-sls-locksmith-services-inc-key-locksmiths-cardiff-direct-key-car-cartoon-1-768x512.png 768w\" sizes=\"auto, (max-width: 900px) 100vw, 900px\" \/><\/figure>\n\n\n\n<p>Gebze \u00e7ilingir Servisi olarak;<\/p>\n\n\n\n<p>Konut \u00c7ilingir Servisi, Oto \u00c7ilingir Servisi, Kap\u0131 Kilit montaj\u0131, Kap\u0131 barel de\u011fi\u015fimi,<br>Master Barel sistemi, Kap\u0131 hidrolik sistemleri, Y\u00fcksek G\u00fcvenlikli Kilit de\u011fi\u015fimi<br>\u00d6zellikle Gebze konut \u00e7ilingir hizmetleri kapsam\u0131nda direkt olarak genel m\u00fc\u015fteri memnuniyeti \u00e7al\u0131\u015fmalar\u0131 ile \u00f6ne<br>\u00e7\u0131kmakta olan Demirler \u00c7ilingir firmam\u0131z, olduk\u00e7a zengin kapsaml\u0131 bir temel hizmet portf\u00f6y\u00fcne de sahip olmas\u0131 ile<br>tan\u0131nmaktad\u0131r. Gebze kap\u0131 kilit \u00e7ilingir \u00e7al\u0131\u015fmalar\u0131nda kendi alan\u0131nda en \u00e7ok tercih edilen markalar\u0131n ba\u015f\u0131nda gelmekte.<br>Hizmetlerimize; GSM telefon numaram\u0131z, marka web sitemiz arac\u0131l\u0131\u011f\u0131 ile olduk\u00e7a<br>h\u0131zl\u0131 bir \u015fekilde eri\u015fim sa\u011flayabilirsiniz<\/p>\n\n\n\n<figure class=\"wp-block-image size-full\"><img loading=\"lazy\" decoding=\"async\" width=\"900\" height=\"664\" src=\"https:\/\/demirlercilingir.com\/wp-content\/uploads\/2022\/12\/png-clipart-locksmith-24-7-rekeying-key-hat-hand-1.png\" alt=\"\" class=\"wp-image-243\" srcset=\"https:\/\/demirlercilingir.com\/wp-content\/uploads\/2022\/12\/png-clipart-locksmith-24-7-rekeying-key-hat-hand-1.png 900w, https:\/\/demirlercilingir.com\/wp-content\/uploads\/2022\/12\/png-clipart-locksmith-24-7-rekeying-key-hat-hand-1-300x221.png 300w, https:\/\/demirlercilingir.com\/wp-content\/uploads\/2022\/12\/png-clipart-locksmith-24-7-rekeying-key-hat-hand-1-768x567.png 768w\" sizes=\"auto, (max-width: 900px) 100vw, 900px\" \/><\/figure>\n\n\n\n<p>\u00c7elik kap\u0131, Daire kap\u0131lar\u0131, Demir kap\u0131lar, otomobil kap\u0131lar\u0131, Bah\u00e7e kap\u0131lar\u0131 Zarars\u0131z a\u00e7ma.<\/p>\n\n\n\n<p>\u00d6nemli Uyar\u0131: Servisin yolda iptal edilmesi durumunda 500 TL servis \u00fccreti uygulan\u0131r.<\/p>\n\n\n\n<ol class=\"wp-block-list\">\n<li>ADEM YAVUZ MAHALLES\u0130<\/li>\n\n\n\n<li>AHATLI MAHALLES\u0130<\/li>\n\n\n\n<li>ARAP\u00c7E\u015eME MAHALLES\u0130<\/li>\n\n\n\n<li>BAL\u00c7IK MAHALLES\u0130<\/li>\n\n\n\n<li>BARI\u015e MAHALLES\u0130<\/li>\n\n\n\n<li>BEYL\u0130KBA\u011eI MAHALLES\u0130<\/li>\n\n\n\n<li>CUMA K\u00d6Y MAHALLES\u0130<\/li>\n\n\n\n<li>CUMHUR\u0130YET MAHALLES\u0130<\/li>\n\n\n\n<li>DEN\u0130ZL\u0130 MAHALLES\u0130<\/li>\n\n\n\n<li>DURAKLI MAHALLES\u0130<\/li>\n\n\n\n<li>ELB\u0130ZL\u0130 MAHALLES\u0130<\/li>\n\n\n\n<li>ESK\u0130H\u0130SAR MAHALLES\u0130<\/li>\n\n\n\n<li>GAZ\u0130LER MAHALLES\u0130<\/li>\n\n\n\n<li>G\u00dcZELLER MAHALLES\u0130<\/li>\n\n\n\n<li>HACIHAL\u0130L MAHALLES\u0130<\/li>\n\n\n\n<li>HAT\u0130PLER MAHALLES\u0130<\/li>\n\n\n\n<li>H\u00dcRR\u0130YET MAHALLES\u0130<\/li>\n\n\n\n<li>\u0130N\u00d6N\u00dc MAHALLES\u0130<\/li>\n\n\n\n<li>\u0130STASYON MAHALLES\u0130<\/li>\n\n\n\n<li>KADILLI MAHALLES\u0130<\/li>\n\n\n\n<li>KARGALI MAHALLES\u0130<\/li>\n\n\n\n<li>K\u0130RAZ PINAR MAHALLES\u0130<\/li>\n\n\n\n<li>K\u00d6\u015eKL\u00dc \u00c7E\u015eME MAHALLES\u0130<\/li>\n\n\n\n<li>MEVLANA MAHALLES\u0130<\/li>\n\n\n\n<li>M\u0130MAR S\u0130NAN MAHALLES\u0130<\/li>\n\n\n\n<li>MOLAFENAR\u0130 MAHALLES\u0130<\/li>\n\n\n\n<li>MUALL\u0130M K\u00d6Y MAHALLES\u0130<\/li>\n\n\n\n<li>MUDARLI MAHALLES\u0130<\/li>\n\n\n\n<li>MUSTAFA PA\u015eA MAHALLES\u0130<\/li>\n\n\n\n<li>OSMAN YILMAZ MAHALLES\u0130<\/li>\n\n\n\n<li>OVACIK MAHALLES\u0130<\/li>\n\n\n\n<li>PEL\u0130TL\u0130 MAHALLES\u0130<\/li>\n\n\n\n<li>SULTAN ORHAN MAHALLES\u0130<\/li>\n\n\n\n<li>TATLIKUYU MAHALLES\u0130<\/li>\n\n\n\n<li>TAV\u015eANLI MAHALLES\u0130<\/li>\n\n\n\n<li>TEPEMANAYIR MAHALLES\u0130<\/li>\n\n\n\n<li>ULUS MAHALLES\u0130<\/li>\n\n\n\n<li>YA\u011eCILAR MAHALLES\u0130<\/li>\n\n\n\n<li>YAVUZ SEL\u0130M MAHALLES\u0130<\/li>\n\n\n\n<li>YEN\u0130KENT MAHALLE\u0130<\/li>\n<\/ol>\n\n\n\n<p><br><\/p>\n","protected":false},"excerpt":{"rendered":"<p>Kap\u0131dam\u0131 Kald\u0131n\u0131z Arac\u0131n\u0131z, Eviniz, \u0130\u015fyerinizin anahtarlar\u0131n\u0131 kaybettiyseniz hemen aray\u0131n 7\/24 \u00c7ilingir Hizmeti \u00c7elik kap\u0131, Daire kap\u0131lar\u0131, Demir kap\u0131lar, otomobil kap\u0131lar\u0131, Bah\u00e7e kap\u0131lar\u0131 Zarars\u0131z a\u00e7ma Gebze \u00e7ilingir Servisi olarak; Konut \u00c7ilingir Servisi, Oto \u00c7ilingir Servisi, Kap\u0131 Kilit montaj\u0131, Kap\u0131 barel de\u011fi\u015fimi,Master Barel sistemi, Kap\u0131 hidrolik sistemleri, Y\u00fcksek G\u00fcvenlikli Kilit de\u011fi\u015fimi\u00d6zellikle Gebze konut \u00e7ilingir hizmetleri kapsam\u0131nda direkt&hellip; <br \/> <a class=\"read-more\" href=\"https:\/\/demirlercilingir.com\/index.php\/gebze-hizmet-bolgeleri\/\">Devam\u0131<\/a><\/p>\n","protected":false},"author":1,"featured_media":0,"parent":0,"menu_order":0,"comment_status":"closed","ping_status":"closed","template":"","meta":{"footnotes":""},"class_list":["post-180","page","type-page","status-publish","hentry"],"_links":{"self":[{"href":"https:\/\/demirlercilingir.com\/index.php\/wp-json\/wp\/v2\/pages\/180","targetHints":{"allow":["GET"]}}],"collection":[{"href":"https:\/\/demirlercilingir.com\/index.php\/wp-json\/wp\/v2\/pages"}],"about":[{"href":"https:\/\/demirlercilingir.com\/index.php\/wp-json\/wp\/v2\/types\/page"}],"author":[{"embeddable":true,"href":"https:\/\/demirlercilingir.com\/index.php\/wp-json\/wp\/v2\/users\/1"}],"replies":[{"embeddable":true,"href":"https:\/\/demirlercilingir.com\/index.php\/wp-json\/wp\/v2\/comments?post=180"}],"version-history":[{"count":18,"href":"https:\/\/demirlercilingir.com\/index.php\/wp-json\/wp\/v2\/pages\/180\/revisions"}],"predecessor-version":[{"id":362,"href":"https:\/\/demirlercilingir.com\/index.php\/wp-json\/wp\/v2\/pages\/180\/revisions\/362"}],"wp:attachment":[{"href":"https:\/\/demirlercilingir.com\/index.php\/wp-json\/wp\/v2\/media?parent=180"}],"curies":[{"name":"wp","href":"https:\/\/api.w.org\/{rel}","templated":true}]}}