{"id":187,"date":"2022-11-14T19:51:45","date_gmt":"2022-11-14T16:51:45","guid":{"rendered":"https:\/\/demirlercilingir.com\/?page_id=187"},"modified":"2026-01-05T20:12:51","modified_gmt":"2026-01-05T17:12:51","slug":"cayirova-hizmet-bolgeleri","status":"publish","type":"page","link":"https:\/\/demirlercilingir.com\/index.php\/cayirova-hizmet-bolgeleri\/","title":{"rendered":"\u00c7ay\u0131rova \u00c7ilingir Servis 7\/24"},"content":{"rendered":"\n<p>\u00c7ay\u0131rova \u00c7ilingir servisi; Hemen ara t\u00fcm mahallelere servisimiz vard\u0131r.<\/p>\n\n\n\n<p>Ev kap\u0131s\u0131 \u00e7e\u015fitleri, ara\u00e7 kap\u0131s\u0131 \u00e7e\u015fitleri, kilit de\u011fi\u015fimi montaj\u0131 kap\u0131 ayar\u0131 itina ile yap\u0131l\u0131r.<\/p>\n\n\n\n<figure class=\"wp-block-image size-full\"><img loading=\"lazy\" decoding=\"async\" width=\"800\" height=\"300\" src=\"https:\/\/demirlercilingir.com\/wp-content\/uploads\/2022\/12\/cilingir-kurallari-24481.jpg\" alt=\"\" class=\"wp-image-260\" srcset=\"https:\/\/demirlercilingir.com\/wp-content\/uploads\/2022\/12\/cilingir-kurallari-24481.jpg 800w, https:\/\/demirlercilingir.com\/wp-content\/uploads\/2022\/12\/cilingir-kurallari-24481-300x113.jpg 300w, https:\/\/demirlercilingir.com\/wp-content\/uploads\/2022\/12\/cilingir-kurallari-24481-768x288.jpg 768w\" sizes=\"auto, (max-width: 800px) 100vw, 800px\" \/><\/figure>\n\n\n\n<p>\u00c7elik kap\u0131, Daire kap\u0131lar\u0131, Demir kap\u0131lar, otomobil kap\u0131lar\u0131, Bah\u00e7e kap\u0131lar\u0131 Zarars\u0131z a\u00e7ma<\/p>\n\n\n\n<figure class=\"wp-block-image size-full\"><img loading=\"lazy\" decoding=\"async\" width=\"900\" height=\"600\" src=\"https:\/\/demirlercilingir.com\/wp-content\/uploads\/2022\/12\/png-clipart-sls-locksmith-services-inc-key-locksmiths-cardiff-direct-key-car-cartoon.png\" alt=\"\" class=\"wp-image-239\" srcset=\"https:\/\/demirlercilingir.com\/wp-content\/uploads\/2022\/12\/png-clipart-sls-locksmith-services-inc-key-locksmiths-cardiff-direct-key-car-cartoon.png 900w, https:\/\/demirlercilingir.com\/wp-content\/uploads\/2022\/12\/png-clipart-sls-locksmith-services-inc-key-locksmiths-cardiff-direct-key-car-cartoon-300x200.png 300w, https:\/\/demirlercilingir.com\/wp-content\/uploads\/2022\/12\/png-clipart-sls-locksmith-services-inc-key-locksmiths-cardiff-direct-key-car-cartoon-768x512.png 768w\" sizes=\"auto, (max-width: 900px) 100vw, 900px\" \/><\/figure>\n\n\n\n<p>\u00c7ay\u0131rova \u00c7ilingir Servisi olarak;<\/p>\n\n\n\n<p>Konut \u00c7ilingir Servisi, Oto \u00c7ilingir Servisi, Kap\u0131 Kilit montaj\u0131, Kap\u0131 barel de\u011fi\u015fimi,<br>Master Barel sistemi, Kap\u0131 hidrolik sistemleri, Y\u00fcksek G\u00fcvenlikli Kilit de\u011fi\u015fimi<br>\u00d6zellikle \u00c7ay\u0131rova konut \u00e7ilingir hizmetleri kapsam\u0131nda direkt olarak genel m\u00fc\u015fteri memnuniyeti \u00e7al\u0131\u015fmalar\u0131 ile \u00f6ne<br>\u00e7\u0131kmakta olan Demirler \u00c7ilingir firmam\u0131z, olduk\u00e7a zengin kapsaml\u0131 bir temel hizmet portf\u00f6y\u00fcne de sahip olmas\u0131 ile<br>tan\u0131nmaktad\u0131r. \u00c7ay\u0131rova kap\u0131 kilit \u00e7ilingir \u00e7al\u0131\u015fmalar\u0131nda kendi alan\u0131nda en \u00e7ok tercih edilen markalar\u0131n ba\u015f\u0131nda gelmekte.<br>Hizmetlerimize; GSM telefon numaram\u0131z, marka web sitemiz veya arac\u0131l\u0131\u011f\u0131 ile olduk\u00e7a<br>h\u0131zl\u0131 bir \u015fekilde eri\u015fim sa\u011flayabilirsiniz<\/p>\n\n\n\n<figure class=\"wp-block-image size-large is-resized\"><img loading=\"lazy\" decoding=\"async\" width=\"600\" height=\"300\" src=\"https:\/\/demirlercilingir.com\/wp-content\/uploads\/2022\/11\/Kutahya-cilingir-hizmeti.jpg\" alt=\"\" class=\"wp-image-221\" style=\"width:839px;height:420px\" srcset=\"https:\/\/demirlercilingir.com\/wp-content\/uploads\/2022\/11\/Kutahya-cilingir-hizmeti.jpg 600w, https:\/\/demirlercilingir.com\/wp-content\/uploads\/2022\/11\/Kutahya-cilingir-hizmeti-300x150.jpg 300w\" sizes=\"auto, (max-width: 600px) 100vw, 600px\" \/><\/figure>\n\n\n\n<p>\u00c7ay\u0131rova \u00e7ilingir; 7\/24 servisimiz ile ev \u00e7ilingir oto \u00e7ilingir kilit de\u011fi\u015fimi kap\u0131 ayar\u0131 ve tamiri hizmeti sunmaktay\u0131z. Size bir telefon kadar uzaktay\u0131z. Hemen aray\u0131n teklif al\u0131n. <\/p>\n\n\n\n<p>\u00d6nemli Uyar\u0131: Servisin yolda iptal edilmesi durumunda 500 TL servis \u00fccreti uygulan\u0131r.<\/p>\n\n\n\n<ol class=\"wp-block-list\">\n<li>AKSE MAHALLES\u0130<\/li>\n\n\n\n<li>ATAT\u00dcRK MAHALLES\u0130<\/li>\n\n\n\n<li>CUMHUR\u0130YET MAHALLES\u0130<\/li>\n\n\n\n<li>EMEK MAHALLES\u0130<\/li>\n\n\n\n<li>\u0130N\u00d6N\u00dc MAHALLES\u0130<\/li>\n\n\n\n<li>\u00d6ZG\u00dcRL\u00dcK MAHALLES\u0130<\/li>\n\n\n\n<li>\u015eEKERPINAR MAHALLES\u0130<\/li>\n\n\n\n<li>YEN\u0130 MAHALLES\u0130<\/li>\n<\/ol>\n","protected":false},"excerpt":{"rendered":"<p>\u00c7ay\u0131rova \u00c7ilingir servisi; Hemen ara t\u00fcm mahallelere servisimiz vard\u0131r. Ev kap\u0131s\u0131 \u00e7e\u015fitleri, ara\u00e7 kap\u0131s\u0131 \u00e7e\u015fitleri, kilit de\u011fi\u015fimi montaj\u0131 kap\u0131 ayar\u0131 itina ile yap\u0131l\u0131r. \u00c7elik kap\u0131, Daire kap\u0131lar\u0131, Demir kap\u0131lar, otomobil kap\u0131lar\u0131, Bah\u00e7e kap\u0131lar\u0131 Zarars\u0131z a\u00e7ma \u00c7ay\u0131rova \u00c7ilingir Servisi olarak; Konut \u00c7ilingir Servisi, Oto \u00c7ilingir Servisi, Kap\u0131 Kilit montaj\u0131, Kap\u0131 barel de\u011fi\u015fimi,Master Barel sistemi, Kap\u0131 hidrolik&hellip; <br \/> <a class=\"read-more\" href=\"https:\/\/demirlercilingir.com\/index.php\/cayirova-hizmet-bolgeleri\/\">Devam\u0131<\/a><\/p>\n","protected":false},"author":1,"featured_media":0,"parent":0,"menu_order":0,"comment_status":"closed","ping_status":"closed","template":"","meta":{"footnotes":""},"class_list":["post-187","page","type-page","status-publish","hentry"],"_links":{"self":[{"href":"https:\/\/demirlercilingir.com\/index.php\/wp-json\/wp\/v2\/pages\/187","targetHints":{"allow":["GET"]}}],"collection":[{"href":"https:\/\/demirlercilingir.com\/index.php\/wp-json\/wp\/v2\/pages"}],"about":[{"href":"https:\/\/demirlercilingir.com\/index.php\/wp-json\/wp\/v2\/types\/page"}],"author":[{"embeddable":true,"href":"https:\/\/demirlercilingir.com\/index.php\/wp-json\/wp\/v2\/users\/1"}],"replies":[{"embeddable":true,"href":"https:\/\/demirlercilingir.com\/index.php\/wp-json\/wp\/v2\/comments?post=187"}],"version-history":[{"count":21,"href":"https:\/\/demirlercilingir.com\/index.php\/wp-json\/wp\/v2\/pages\/187\/revisions"}],"predecessor-version":[{"id":364,"href":"https:\/\/demirlercilingir.com\/index.php\/wp-json\/wp\/v2\/pages\/187\/revisions\/364"}],"wp:attachment":[{"href":"https:\/\/demirlercilingir.com\/index.php\/wp-json\/wp\/v2\/media?parent=187"}],"curies":[{"name":"wp","href":"https:\/\/api.w.org\/{rel}","templated":true}]}}