{"id":197,"date":"2022-11-15T19:29:16","date_gmt":"2022-11-15T16:29:16","guid":{"rendered":"https:\/\/demirlercilingir.com\/?page_id=197"},"modified":"2026-01-05T20:11:11","modified_gmt":"2026-01-05T17:11:11","slug":"darica-hizmet-bolegeleri","status":"publish","type":"page","link":"https:\/\/demirlercilingir.com\/index.php\/darica-hizmet-bolegeleri\/","title":{"rendered":"Dar\u0131ca \u00c7ilingir Servisi 7\/24"},"content":{"rendered":"\n<h1 class=\"wp-block-heading\">Kap\u0131dam\u0131 Kald\u0131n\u0131z Arac\u0131n\u0131z, Eviniz, \u0130\u015fyerinizin anahtarlar\u0131n\u0131 kaybettiyseniz hemen aray\u0131n 7\/24 \u00c7ilingir Hizmeti<\/h1>\n\n\n\n<figure class=\"wp-block-image size-full\"><img loading=\"lazy\" decoding=\"async\" width=\"800\" height=\"300\" src=\"https:\/\/demirlercilingir.com\/wp-content\/uploads\/2022\/12\/cilingir-kurallari-24481-1.jpg\" alt=\"\" class=\"wp-image-262\" srcset=\"https:\/\/demirlercilingir.com\/wp-content\/uploads\/2022\/12\/cilingir-kurallari-24481-1.jpg 800w, https:\/\/demirlercilingir.com\/wp-content\/uploads\/2022\/12\/cilingir-kurallari-24481-1-300x113.jpg 300w, https:\/\/demirlercilingir.com\/wp-content\/uploads\/2022\/12\/cilingir-kurallari-24481-1-768x288.jpg 768w\" sizes=\"auto, (max-width: 800px) 100vw, 800px\" \/><\/figure>\n\n\n\n<p>\u00c7elik kap\u0131, Daire kap\u0131lar\u0131, Demir kap\u0131lar, otomobil kap\u0131lar\u0131, Bah\u00e7e kap\u0131lar\u0131 Zarars\u0131z a\u00e7ma<\/p>\n\n\n\n<p>7\/24 \u00c7ilingir Hizmeti<\/p>\n\n\n\n<figure class=\"wp-block-image size-full\"><img loading=\"lazy\" decoding=\"async\" width=\"900\" height=\"664\" src=\"https:\/\/demirlercilingir.com\/wp-content\/uploads\/2022\/12\/png-clipart-locksmith-24-7-rekeying-key-hat-hand.png\" alt=\"\" class=\"wp-image-237\" srcset=\"https:\/\/demirlercilingir.com\/wp-content\/uploads\/2022\/12\/png-clipart-locksmith-24-7-rekeying-key-hat-hand.png 900w, https:\/\/demirlercilingir.com\/wp-content\/uploads\/2022\/12\/png-clipart-locksmith-24-7-rekeying-key-hat-hand-300x221.png 300w, https:\/\/demirlercilingir.com\/wp-content\/uploads\/2022\/12\/png-clipart-locksmith-24-7-rekeying-key-hat-hand-768x567.png 768w\" sizes=\"auto, (max-width: 900px) 100vw, 900px\" \/><\/figure>\n\n\n\n<p>Dar\u0131ca \u00c7ilingir<br>Dar\u0131ca \u00c7ilingir Servisi olarak;<br> <br> <br>Konut \u00c7ilingir Servisi, Oto \u00c7ilingir Servisi, Kap\u0131 Kilit montaj\u0131, Kap\u0131 barel de\u011fi\u015fimi,<br>Master Barel sistemi, Kap\u0131 hidrolik sistemleri, Y\u00fcksek G\u00fcvenlikli Kilit de\u011fi\u015fimi<br>\u00d6zellikle Dar\u0131ca konut \u00e7ilingir hizmetleri kapsam\u0131nda direkt olarak genel m\u00fc\u015fteri memnuniyeti \u00e7al\u0131\u015fmalar\u0131 ile \u00f6ne<br>\u00e7\u0131kmakta olan Demirler \u00c7ilingir firmam\u0131z, olduk\u00e7a zengin kapsaml\u0131 bir temel hizmet portf\u00f6y\u00fcne de sahip olmas\u0131 ile<br>tan\u0131nmaktad\u0131r. Dar\u0131ca kap\u0131 kilit \u00e7ilingir \u00e7al\u0131\u015fmalar\u0131nda kendi alan\u0131nda en \u00e7ok tercih edilen markalar\u0131n ba\u015f\u0131nda gelmekte.<br>Hizmetlerimize; GSM telefon numaram\u0131z, marka web sitemiz arac\u0131l\u0131\u011f\u0131 ile olduk\u00e7a<br>h\u0131zl\u0131 bir \u015fekilde eri\u015fim sa\u011flayabilirsiniz<\/p>\n\n\n\n<figure class=\"wp-block-image size-large is-resized\"><img loading=\"lazy\" decoding=\"async\" width=\"600\" height=\"300\" src=\"https:\/\/demirlercilingir.com\/wp-content\/uploads\/2022\/11\/Kutahya-cilingir-hizmeti.jpg\" alt=\"\" class=\"wp-image-221\" style=\"width:837px;height:419px\" srcset=\"https:\/\/demirlercilingir.com\/wp-content\/uploads\/2022\/11\/Kutahya-cilingir-hizmeti.jpg 600w, https:\/\/demirlercilingir.com\/wp-content\/uploads\/2022\/11\/Kutahya-cilingir-hizmeti-300x150.jpg 300w\" sizes=\"auto, (max-width: 600px) 100vw, 600px\" \/><\/figure>\n\n\n\n<p>Dar\u0131ca \u00e7ilingir servisi olarak;7\/24 servisimiz ile ev \u00e7ilingir oto \u00e7ilingir kilit de\u011fi\u015fimi kap\u0131 ayar\u0131 ve tamiri hizmeti sunmaktay\u0131z. Size bir telefon kadar uzaktay\u0131z. Hemen aray\u0131n teklif al\u0131n.<\/p>\n\n\n\n<p>\u00d6nemli Uyar\u0131: Servisin yolda iptal edilmesi durumunda 500 TL servis \u00fccreti uygulan\u0131r.<\/p>\n\n\n\n<ol class=\"wp-block-list\">\n<li>ABD\u0130 \u0130PEK\u00c7\u0130 MAHALLES\u0130<\/li>\n\n\n\n<li>BA\u011eLARBA\u015eI MAHALLES\u0130<\/li>\n\n\n\n<li>BAYRAMO\u011eLU MAHALLES\u0130<\/li>\n\n\n\n<li>CAM\u0130 MAHALLES\u0130<\/li>\n\n\n\n<li>EMEK MAHALLES\u0130<\/li>\n\n\n\n<li>FAVZ\u0130 \u00c7AKMAK MAHALLES\u0130<\/li>\n\n\n\n<li>KAZIM KARABEK\u0130R MAHALLES\u0130<\/li>\n\n\n\n<li>NENEHATUN MAHALLES\u0130<\/li>\n\n\n\n<li>OSMANGAZ\u0130 MAHALLES\u0130<\/li>\n\n\n\n<li>P\u0130R\u0130 RE\u0130S MAHALLES\u0130<\/li>\n\n\n\n<li>SIRAS\u00d6\u011e\u00dcTLER MAHALLES\u0130<\/li>\n\n\n\n<li>YALI MAHALLES\u0130<\/li>\n\n\n\n<li>YEN\u0130 MAHALLES\u0130<\/li>\n\n\n\n<li>Z\u0130NC\u0130RL\u0130KUYU MAHALLES\u0130<\/li>\n<\/ol>\n","protected":false},"excerpt":{"rendered":"<p>Kap\u0131dam\u0131 Kald\u0131n\u0131z Arac\u0131n\u0131z, Eviniz, \u0130\u015fyerinizin anahtarlar\u0131n\u0131 kaybettiyseniz hemen aray\u0131n 7\/24 \u00c7ilingir Hizmeti \u00c7elik kap\u0131, Daire kap\u0131lar\u0131, Demir kap\u0131lar, otomobil kap\u0131lar\u0131, Bah\u00e7e kap\u0131lar\u0131 Zarars\u0131z a\u00e7ma 7\/24 \u00c7ilingir Hizmeti Dar\u0131ca \u00c7ilingirDar\u0131ca \u00c7ilingir Servisi olarak; Konut \u00c7ilingir Servisi, Oto \u00c7ilingir Servisi, Kap\u0131 Kilit montaj\u0131, Kap\u0131 barel de\u011fi\u015fimi,Master Barel sistemi, Kap\u0131 hidrolik sistemleri, Y\u00fcksek G\u00fcvenlikli Kilit de\u011fi\u015fimi\u00d6zellikle Dar\u0131ca konut&hellip; <br \/> <a class=\"read-more\" href=\"https:\/\/demirlercilingir.com\/index.php\/darica-hizmet-bolegeleri\/\">Devam\u0131<\/a><\/p>\n","protected":false},"author":1,"featured_media":0,"parent":0,"menu_order":0,"comment_status":"closed","ping_status":"closed","template":"","meta":{"footnotes":""},"class_list":["post-197","page","type-page","status-publish","hentry"],"_links":{"self":[{"href":"https:\/\/demirlercilingir.com\/index.php\/wp-json\/wp\/v2\/pages\/197","targetHints":{"allow":["GET"]}}],"collection":[{"href":"https:\/\/demirlercilingir.com\/index.php\/wp-json\/wp\/v2\/pages"}],"about":[{"href":"https:\/\/demirlercilingir.com\/index.php\/wp-json\/wp\/v2\/types\/page"}],"author":[{"embeddable":true,"href":"https:\/\/demirlercilingir.com\/index.php\/wp-json\/wp\/v2\/users\/1"}],"replies":[{"embeddable":true,"href":"https:\/\/demirlercilingir.com\/index.php\/wp-json\/wp\/v2\/comments?post=197"}],"version-history":[{"count":20,"href":"https:\/\/demirlercilingir.com\/index.php\/wp-json\/wp\/v2\/pages\/197\/revisions"}],"predecessor-version":[{"id":361,"href":"https:\/\/demirlercilingir.com\/index.php\/wp-json\/wp\/v2\/pages\/197\/revisions\/361"}],"wp:attachment":[{"href":"https:\/\/demirlercilingir.com\/index.php\/wp-json\/wp\/v2\/media?parent=197"}],"curies":[{"name":"wp","href":"https:\/\/api.w.org\/{rel}","templated":true}]}}