{"id":202,"date":"2022-11-15T19:31:49","date_gmt":"2022-11-15T16:31:49","guid":{"rendered":"https:\/\/demirlercilingir.com\/?page_id=202"},"modified":"2026-01-05T20:12:23","modified_gmt":"2026-01-05T17:12:23","slug":"tuzla-hizmet-bolgesi","status":"publish","type":"page","link":"https:\/\/demirlercilingir.com\/index.php\/tuzla-hizmet-bolgesi\/","title":{"rendered":"Tuzla Hizmet B\u00f6lgesi"},"content":{"rendered":"\n<h1 class=\"wp-block-heading\">KAPIDAMI KALDINIZ Arac\u0131n\u0131z, Eviniz, \u0130\u015fyerinizin anahtarlar\u0131n\u0131 kaybettiyseniz hemen aray\u0131n<\/h1>\n\n\n\n<figure class=\"wp-block-image size-full is-resized\"><img loading=\"lazy\" decoding=\"async\" width=\"800\" height=\"300\" src=\"https:\/\/demirlercilingir.com\/wp-content\/uploads\/2022\/12\/cilingir-kurallari-24481-3.jpg\" alt=\"\" class=\"wp-image-267\" style=\"width:828px;height:310px\" srcset=\"https:\/\/demirlercilingir.com\/wp-content\/uploads\/2022\/12\/cilingir-kurallari-24481-3.jpg 800w, https:\/\/demirlercilingir.com\/wp-content\/uploads\/2022\/12\/cilingir-kurallari-24481-3-300x113.jpg 300w, https:\/\/demirlercilingir.com\/wp-content\/uploads\/2022\/12\/cilingir-kurallari-24481-3-768x288.jpg 768w\" sizes=\"auto, (max-width: 800px) 100vw, 800px\" \/><\/figure>\n\n\n\n<p>\u00c7elik kap\u0131, Daire kap\u0131lar\u0131, Demir kap\u0131lar, otomobil kap\u0131lar\u0131, Bah\u00e7e kap\u0131lar\u0131 Zarars\u0131z a\u00e7ma<\/p>\n\n\n\n<p>7\/24 \u00c7ilingir Hizmetleri<\/p>\n\n\n\n<figure class=\"wp-block-image size-full is-resized\"><img loading=\"lazy\" decoding=\"async\" width=\"259\" height=\"194\" src=\"https:\/\/demirlercilingir.com\/wp-content\/uploads\/2022\/11\/images-1.jpg\" alt=\"\" class=\"wp-image-214\" style=\"width:840px;height:629px\"\/><\/figure>\n\n\n\n<p>Akf\u0131rat Mahallesi<br>Anadolu Mahallesi<br>Ayd\u0131nl\u0131 Mahallesi<br>Ayd\u0131ntepe Mahallesi<br>Cami Mahallesi<br>Evliya \u00c7elebi Mahallesi<br>Fatih Mahallesi<br>\u0130\u00e7meler Mahallesi<br>\u0130stasyon Mahallesi<br>Mescit Mahallesi<br>Mimar Sinan Mahallesi<br>Orhanl\u0131 Mahallesi<br>Orta Mahallesi<br>Postane Mahallesi<br>\u015eifa Mahallesi<br>Tepeoren Mahallesi<br>Yayla Mahallesi<\/p>\n\n\n\n<figure class=\"wp-block-gallery has-nested-images columns-default is-cropped wp-block-gallery-1 is-layout-flex wp-block-gallery-is-layout-flex\">\n<figure class=\"wp-block-image size-large\"><img loading=\"lazy\" decoding=\"async\" width=\"600\" height=\"300\" data-id=\"221\" src=\"https:\/\/demirlercilingir.com\/wp-content\/uploads\/2022\/11\/Kutahya-cilingir-hizmeti.jpg\" alt=\"\" class=\"wp-image-221\" srcset=\"https:\/\/demirlercilingir.com\/wp-content\/uploads\/2022\/11\/Kutahya-cilingir-hizmeti.jpg 600w, https:\/\/demirlercilingir.com\/wp-content\/uploads\/2022\/11\/Kutahya-cilingir-hizmeti-300x150.jpg 300w\" sizes=\"auto, (max-width: 600px) 100vw, 600px\" \/><\/figure>\n<\/figure>\n\n\n\n<p>Tuzla \u00c7ilingir Servisi Olarak;<\/p>\n\n\n\n<p>Konut \u00c7ilingir Servisi, Oto \u00c7ilingir Servisi, Kap\u0131 Kilit montaj\u0131, Kap\u0131 barel de\u011fi\u015fimi,<br>Master Barel sistemi, Kap\u0131 hidrolik sistemleri, Y\u00fcksek G\u00fcvenlikli Kilit de\u011fi\u015fimi<br>\u00d6zellikle Tuzla konut \u00e7ilingir hizmetleri kapsam\u0131nda direkt olarak genel m\u00fc\u015fteri memnuniyeti \u00e7al\u0131\u015fmalar\u0131 ile \u00f6ne<br>\u00e7\u0131kmakta olan Demirler \u00c7ilingir firmam\u0131z, olduk\u00e7a zengin kapsaml\u0131 bir temel hizmet portf\u00f6y\u00fcne de sahip olmas\u0131 ile<br>tan\u0131nmaktad\u0131r. Tuzla kap\u0131 kilit \u00e7ilingir \u00e7al\u0131\u015fmalar\u0131nda kendi alan\u0131nda en \u00e7ok tercih edilen markalar\u0131n ba\u015f\u0131nda gelmekte.<br>Hizmetlerine; GSM telefon numaram\u0131z, marka web sitemiz arac\u0131l\u0131\u011f\u0131 ile olduk\u00e7a<br>h\u0131zl\u0131 bir \u015fekilde eri\u015fim sa\u011flayabilirsiniz.<\/p>\n\n\n\n<p>\u00d6nemli Uyar\u0131: Servisin yolda iptal edilmesi durumunda 500 TL servis \u00fccreti uygulan\u0131r.<\/p>\n\n\n\n<figure class=\"wp-block-image size-large\"><img loading=\"lazy\" decoding=\"async\" width=\"1024\" height=\"341\" src=\"https:\/\/demirlercilingir.com\/wp-content\/uploads\/2022\/12\/malatya-cilingir-wp-1-1024x341.jpg\" alt=\"\" class=\"wp-image-269\" srcset=\"https:\/\/demirlercilingir.com\/wp-content\/uploads\/2022\/12\/malatya-cilingir-wp-1-1024x341.jpg 1024w, https:\/\/demirlercilingir.com\/wp-content\/uploads\/2022\/12\/malatya-cilingir-wp-1-300x100.jpg 300w, https:\/\/demirlercilingir.com\/wp-content\/uploads\/2022\/12\/malatya-cilingir-wp-1-768x256.jpg 768w, https:\/\/demirlercilingir.com\/wp-content\/uploads\/2022\/12\/malatya-cilingir-wp-1-1536x512.jpg 1536w, https:\/\/demirlercilingir.com\/wp-content\/uploads\/2022\/12\/malatya-cilingir-wp-1.jpg 1920w\" sizes=\"auto, (max-width: 1024px) 100vw, 1024px\" \/><\/figure>\n","protected":false},"excerpt":{"rendered":"<p>KAPIDAMI KALDINIZ Arac\u0131n\u0131z, Eviniz, \u0130\u015fyerinizin anahtarlar\u0131n\u0131 kaybettiyseniz hemen aray\u0131n \u00c7elik kap\u0131, Daire kap\u0131lar\u0131, Demir kap\u0131lar, otomobil kap\u0131lar\u0131, Bah\u00e7e kap\u0131lar\u0131 Zarars\u0131z a\u00e7ma 7\/24 \u00c7ilingir Hizmetleri Akf\u0131rat MahallesiAnadolu MahallesiAyd\u0131nl\u0131 MahallesiAyd\u0131ntepe MahallesiCami MahallesiEvliya \u00c7elebi MahallesiFatih Mahallesi\u0130\u00e7meler Mahallesi\u0130stasyon MahallesiMescit MahallesiMimar Sinan MahallesiOrhanl\u0131 MahallesiOrta MahallesiPostane Mahallesi\u015eifa MahallesiTepeoren MahallesiYayla Mahallesi Tuzla \u00c7ilingir Servisi Olarak; Konut \u00c7ilingir Servisi, Oto \u00c7ilingir Servisi, Kap\u0131&hellip; <br \/> <a class=\"read-more\" href=\"https:\/\/demirlercilingir.com\/index.php\/tuzla-hizmet-bolgesi\/\">Devam\u0131<\/a><\/p>\n","protected":false},"author":1,"featured_media":213,"parent":0,"menu_order":0,"comment_status":"closed","ping_status":"closed","template":"","meta":{"footnotes":""},"class_list":["post-202","page","type-page","status-publish","has-post-thumbnail","hentry"],"_links":{"self":[{"href":"https:\/\/demirlercilingir.com\/index.php\/wp-json\/wp\/v2\/pages\/202","targetHints":{"allow":["GET"]}}],"collection":[{"href":"https:\/\/demirlercilingir.com\/index.php\/wp-json\/wp\/v2\/pages"}],"about":[{"href":"https:\/\/demirlercilingir.com\/index.php\/wp-json\/wp\/v2\/types\/page"}],"author":[{"embeddable":true,"href":"https:\/\/demirlercilingir.com\/index.php\/wp-json\/wp\/v2\/users\/1"}],"replies":[{"embeddable":true,"href":"https:\/\/demirlercilingir.com\/index.php\/wp-json\/wp\/v2\/comments?post=202"}],"version-history":[{"count":15,"href":"https:\/\/demirlercilingir.com\/index.php\/wp-json\/wp\/v2\/pages\/202\/revisions"}],"predecessor-version":[{"id":363,"href":"https:\/\/demirlercilingir.com\/index.php\/wp-json\/wp\/v2\/pages\/202\/revisions\/363"}],"wp:featuredmedia":[{"embeddable":true,"href":"https:\/\/demirlercilingir.com\/index.php\/wp-json\/wp\/v2\/media\/213"}],"wp:attachment":[{"href":"https:\/\/demirlercilingir.com\/index.php\/wp-json\/wp\/v2\/media?parent=202"}],"curies":[{"name":"wp","href":"https:\/\/api.w.org\/{rel}","templated":true}]}}